{"id":187,"date":"2021-12-17T23:51:19","date_gmt":"2021-12-17T22:51:19","guid":{"rendered":"http:\/\/dennis.jansen-heizungstechnik.de\/?page_id=187"},"modified":"2025-04-23T01:26:43","modified_gmt":"2025-04-22T23:26:43","slug":"kontaktier-uns","status":"publish","type":"page","link":"https:\/\/jansen-heizungstechnik.de\/?page_id=187","title":{"rendered":"Kontakt"},"content":{"rendered":"\t\t<div data-elementor-type=\"wp-page\" data-elementor-id=\"187\" class=\"elementor elementor-187\">\n\t\t\t\t\t\t<section class=\"elementor-section elementor-top-section elementor-element elementor-element-58027d4 elementor-section-stretched elementor-section-boxed elementor-section-height-default elementor-section-height-default\" data-id=\"58027d4\" data-element_type=\"section\" data-e-type=\"section\" data-settings=\"{&quot;stretch_section&quot;:&quot;section-stretched&quot;}\">\n\t\t\t\t\t\t<div class=\"elementor-container elementor-column-gap-default\">\n\t\t\t\t\t<div class=\"elementor-column elementor-col-100 elementor-top-column elementor-element elementor-element-8daf17c\" data-id=\"8daf17c\" data-element_type=\"column\" data-e-type=\"column\">\n\t\t\t<div class=\"elementor-widget-wrap elementor-element-populated\">\n\t\t\t\t\t\t<div class=\"elementor-element elementor-element-5775361 elementor-widget elementor-widget-text-editor\" data-id=\"5775361\" data-element_type=\"widget\" data-e-type=\"widget\" data-widget_type=\"text-editor.default\">\n\t\t\t\t<div class=\"elementor-widget-container\">\n\t\t\t\t\t\t\t\t\t<div style=\"max-width: 900px; margin: 0 auto; padding: 40px; background-color: #ffffff; border-radius: 10px; box-shadow: 0 4px 10px rgba(0, 0, 0, 0.1);\">\n    <h2 style=\"font-size: 32px; font-weight: bold; color: #333; text-align: center; margin-bottom: 20px;\">Kontaktieren Sie uns<\/h2>\n    \n    <p style=\"font-size: 16px; color: #666; text-align: center; margin-bottom: 30px;\">\n        <strong>Dieter Jansen Heizungstechnik<\/strong><br>\n        Ihre Experten f\u00fcr moderne Heizsysteme in Hamburg\n    <\/p>\n    \n    <div style=\"text-align: center; margin-bottom: 30px;\">\n        <p style=\"font-size: 18px; color: #333;\"><strong>Adresse:<\/strong><br>\n        Immenbarg 22, 22417 Hamburg<\/p>\n        \n        <p style=\"font-size: 18px; color: #333;\"><strong>Telefon:<\/strong><br>\n        \ud83d\udcde B\u00fcro: 040 \/ 530 500 37<\/p>\n        \n        <p style=\"font-size: 18px; color: #333;\"><strong>E-Mail:<\/strong><br>\n        \ud83d\udce7 <a href=\"mailto:info@dieterjansen-heizungstechnik.de\" style=\"color: #0073e6; text-decoration: none;\">info@dieterjansen-heizungstechnik.de<\/a><\/p>\n    <\/div>\n\n    <div style=\"text-align: center; margin-bottom: 30px;\">\n        <p style=\"font-size: 18px; color: #333; font-weight: bold;\">\n            <strong>Unser Einzugsbereich:<\/strong><br>\n            Unser Hauptbereich f\u00fcr Heizungsbau befindet sich in Hamburg. Unser Elektrotechnik-Bereich erstreckt sich von L\u00fcneburg bis Hamburg, um Ihnen in dieser Region optimale L\u00f6sungen zu bieten.\n        <\/p>\n    <\/div>\n\n    <div style=\"text-align: center; margin-bottom: 40px;\">\n        <h3 style=\"font-size: 28px; font-weight: bold; color: #333;\">Warum uns w\u00e4hlen?<\/h3>\n        <ul style=\"list-style-type: none; padding: 0; font-size: 16px; color: #666;\">\n            <li style=\"margin: 10px 0;\"><strong>\u00dcber 20 Jahre Erfahrung<\/strong> in Heiztechnik, Photovoltaik und Elektrotechnik<\/li>\n            <li style=\"margin: 10px 0;\"><strong>Individuelle Beratung<\/strong> f\u00fcr ma\u00dfgeschneiderte L\u00f6sungen<\/li>\n            <li style=\"margin: 10px 0;\"><strong>Zukunftssichere Technologie<\/strong> mit Smart-Home-Integration und nachhaltigen Heizsystemen<\/li>\n        <\/ul>\n    <\/div>\n\n    <div style=\"display: flex; flex-wrap: wrap; gap: 20px; justify-content: space-between;\">\n        <!-- Kachel 1: Heizungstechnik -->\n        <div style=\"flex: 1 1 45%; background-color: #f4f4f4; padding: 20px; border-radius: 10px; box-shadow: 0 2px 10px rgba(0, 0, 0, 0.1); text-align: center; transition: transform 0.3s ease, box-shadow 0.3s ease;\">\n            <p style=\"font-size: 20px; font-weight: bold; color: #333; margin-bottom: 15px;\"><em>Heizungstechnik<\/em><\/p>\n            <img decoding=\"async\" src=\"http:\/\/jansen-heizungstechnik.de\/wp-content\/uploads\/2021\/12\/flame.png\" alt=\"Heizungstechnik Icon\" style=\"width: 50px; margin-bottom: 20px;\">\n            <p style=\"font-size: 16px; color: #333;\"><strong>Dieter Jansen<\/strong><br>22417 Hamburg<br>Mobil: 0174 218 62 87<br>Email: <a href=\"mailto:info@Jansen-Heizungstechnik.de\" style=\"color: #0073e6; text-decoration: none;\">info@Jansen-Heizungstechnik.de<\/a><\/p>\n        <\/div>\n\n        <!-- Kachel 2: Elektrotechnik -->\n        <div style=\"flex: 1 1 45%; background-color: #f4f4f4; padding: 20px; border-radius: 10px; box-shadow: 0 2px 10px rgba(0, 0, 0, 0.1); text-align: center; transition: transform 0.3s ease, box-shadow 0.3s ease;\">\n            <p style=\"font-size: 20px; font-weight: bold; color: #333; margin-bottom: 15px;\"><em>Elektrotechnik<\/em><\/p>\n            <img decoding=\"async\" src=\"http:\/\/jansen-heizungstechnik.de\/wp-content\/uploads\/2021\/12\/blitz.png\" alt=\"Elektrotechnik Icon\" style=\"width: 50px; margin-bottom: 20px;\">\n            <p style=\"font-size: 16px; color: #333;\"><strong>Dennis Jansen<\/strong><br>21447 Handorf<br>Mobil: 01577 368 42 38<br>Email: <a href=\"mailto:Dennis@Jansen-Heizungstechnik.de\" style=\"color: #0073e6; text-decoration: none;\">Dennis@Jansen-Heizungstechnik.de<\/a><\/p>\n        <\/div>\n    <\/div>\n<\/div>\n\n<!-- Stil f\u00fcr Hover-Effekte -->\n<style>\n    .contact-card:hover {\n        transform: translateY(-5px);\n        box-shadow: 0 4px 15px rgba(0, 0, 0, 0.2);\n    }\n<\/style>\n\t\t\t\t\t\t\t\t<\/div>\n\t\t\t\t<\/div>\n\t\t\t\t\t<\/div>\n\t\t<\/div>\n\t\t\t\t\t<\/div>\n\t\t<\/section>\n\t\t\t\t<\/div>\n\t\t","protected":false},"excerpt":{"rendered":"<p>Kontaktieren Sie uns Dieter Jansen Heizungstechnik Ihre Experten f\u00fcr moderne Heizsysteme in Hamburg Adresse: Immenbarg 22, 22417 Hamburg Telefon: \ud83d\udcde B\u00fcro: 040 \/ 530 500 37 E-Mail: \ud83d\udce7 info@dieterjansen-heizungstechnik.de Unser Einzugsbereich: Unser Hauptbereich f\u00fcr Heizungsbau befindet sich in Hamburg. Unser Elektrotechnik-Bereich erstreckt sich von L\u00fcneburg bis Hamburg, um Ihnen in dieser Region optimale L\u00f6sungen zu [&hellip;]<\/p>\n","protected":false},"author":1,"featured_media":0,"parent":0,"menu_order":0,"comment_status":"closed","ping_status":"closed","template":"","meta":{"_uag_custom_page_level_css":"","site-sidebar-layout":"default","site-content-layout":"","ast-site-content-layout":"default","site-content-style":"default","site-sidebar-style":"default","ast-global-header-display":"","ast-banner-title-visibility":"","ast-main-header-display":"","ast-hfb-above-header-display":"","ast-hfb-below-header-display":"","ast-hfb-mobile-header-display":"","site-post-title":"","ast-breadcrumbs-content":"","ast-featured-img":"","footer-sml-layout":"","ast-disable-related-posts":"","theme-transparent-header-meta":"","adv-header-id-meta":"","stick-header-meta":"","header-above-stick-meta":"","header-main-stick-meta":"","header-below-stick-meta":"","astra-migrate-meta-layouts":"set","ast-page-background-enabled":"default","ast-page-background-meta":{"desktop":{"background-color":"","background-image":"","background-repeat":"repeat","background-position":"center center","background-size":"auto","background-attachment":"scroll","background-type":"","background-media":"","overlay-type":"","overlay-color":"","overlay-opacity":"","overlay-gradient":""},"tablet":{"background-color":"","background-image":"","background-repeat":"repeat","background-position":"center center","background-size":"auto","background-attachment":"scroll","background-type":"","background-media":"","overlay-type":"","overlay-color":"","overlay-opacity":"","overlay-gradient":""},"mobile":{"background-color":"","background-image":"","background-repeat":"repeat","background-position":"center center","background-size":"auto","background-attachment":"scroll","background-type":"","background-media":"","overlay-type":"","overlay-color":"","overlay-opacity":"","overlay-gradient":""}},"ast-content-background-meta":{"desktop":{"background-color":"var(--ast-global-color-5)","background-image":"","background-repeat":"repeat","background-position":"center center","background-size":"auto","background-attachment":"scroll","background-type":"","background-media":"","overlay-type":"","overlay-color":"","overlay-opacity":"","overlay-gradient":""},"tablet":{"background-color":"var(--ast-global-color-5)","background-image":"","background-repeat":"repeat","background-position":"center center","background-size":"auto","background-attachment":"scroll","background-type":"","background-media":"","overlay-type":"","overlay-color":"","overlay-opacity":"","overlay-gradient":""},"mobile":{"background-color":"var(--ast-global-color-5)","background-image":"","background-repeat":"repeat","background-position":"center center","background-size":"auto","background-attachment":"scroll","background-type":"","background-media":"","overlay-type":"","overlay-color":"","overlay-opacity":"","overlay-gradient":""}},"footnotes":""},"class_list":["post-187","page","type-page","status-publish","hentry"],"uagb_featured_image_src":{"full":false,"thumbnail":false,"medium":false,"medium_large":false,"large":false,"1536x1536":false,"2048x2048":false},"uagb_author_info":{"display_name":"Heizmaster","author_link":"https:\/\/jansen-heizungstechnik.de\/?author=1"},"uagb_comment_info":0,"uagb_excerpt":"Kontaktieren Sie uns Dieter Jansen Heizungstechnik Ihre Experten f\u00fcr moderne Heizsysteme in Hamburg Adresse: Immenbarg 22, 22417 Hamburg Telefon: \ud83d\udcde B\u00fcro: 040 \/ 530 500 37 E-Mail: \ud83d\udce7 info@dieterjansen-heizungstechnik.de Unser Einzugsbereich: Unser Hauptbereich f\u00fcr Heizungsbau befindet sich in Hamburg. Unser Elektrotechnik-Bereich erstreckt sich von L\u00fcneburg bis Hamburg, um Ihnen in dieser Region optimale L\u00f6sungen zu&hellip;","_links":{"self":[{"href":"https:\/\/jansen-heizungstechnik.de\/index.php?rest_route=\/wp\/v2\/pages\/187","targetHints":{"allow":["GET"]}}],"collection":[{"href":"https:\/\/jansen-heizungstechnik.de\/index.php?rest_route=\/wp\/v2\/pages"}],"about":[{"href":"https:\/\/jansen-heizungstechnik.de\/index.php?rest_route=\/wp\/v2\/types\/page"}],"author":[{"embeddable":true,"href":"https:\/\/jansen-heizungstechnik.de\/index.php?rest_route=\/wp\/v2\/users\/1"}],"replies":[{"embeddable":true,"href":"https:\/\/jansen-heizungstechnik.de\/index.php?rest_route=%2Fwp%2Fv2%2Fcomments&post=187"}],"version-history":[{"count":10,"href":"https:\/\/jansen-heizungstechnik.de\/index.php?rest_route=\/wp\/v2\/pages\/187\/revisions"}],"predecessor-version":[{"id":1110,"href":"https:\/\/jansen-heizungstechnik.de\/index.php?rest_route=\/wp\/v2\/pages\/187\/revisions\/1110"}],"wp:attachment":[{"href":"https:\/\/jansen-heizungstechnik.de\/index.php?rest_route=%2Fwp%2Fv2%2Fmedia&parent=187"}],"curies":[{"name":"wp","href":"https:\/\/api.w.org\/{rel}","templated":true}]}}