{"id":234,"date":"2021-12-20T18:57:55","date_gmt":"2021-12-20T17:57:55","guid":{"rendered":"http:\/\/dennis.jansen-heizungstechnik.de\/?page_id=234"},"modified":"2025-04-03T18:57:06","modified_gmt":"2025-04-03T16:57:06","slug":"datenschutzerklaerung","status":"publish","type":"page","link":"https:\/\/jansen-heizungstechnik.de\/?page_id=234","title":{"rendered":"Datenschutzerkl\u00e4rung"},"content":{"rendered":"\t\t<div data-elementor-type=\"wp-page\" data-elementor-id=\"234\" class=\"elementor elementor-234\">\n\t\t\t\t\t\t<section class=\"elementor-section elementor-top-section elementor-element elementor-element-5501a638 elementor-section-boxed elementor-section-height-default elementor-section-height-default\" data-id=\"5501a638\" data-element_type=\"section\" data-e-type=\"section\">\n\t\t\t\t\t\t<div class=\"elementor-container elementor-column-gap-default\">\n\t\t\t\t\t<div class=\"elementor-column elementor-col-100 elementor-top-column elementor-element elementor-element-53e64b35\" data-id=\"53e64b35\" data-element_type=\"column\" data-e-type=\"column\">\n\t\t\t<div class=\"elementor-widget-wrap elementor-element-populated\">\n\t\t\t\t\t\t<div class=\"elementor-element elementor-element-5dec01aa elementor-widget elementor-widget-text-editor\" data-id=\"5dec01aa\" data-element_type=\"widget\" data-e-type=\"widget\" data-widget_type=\"text-editor.default\">\n\t\t\t\t<div class=\"elementor-widget-container\">\n\t\t\t\t\t\t\t\t\t<h3 data-start=\"123\" data-end=\"152\"><strong data-start=\"126\" data-end=\"150\">Datenschutzerkl\u00e4rung<\/strong><\/h3>\n<h4 data-start=\"154\" data-end=\"218\"><strong data-start=\"158\" data-end=\"216\">Informationen zur Datenerhebung gem\u00e4\u00df Artikel 13 DSGVO<\/strong><\/h4>\n<p class=\"\" data-start=\"220\" data-end=\"311\"><strong data-start=\"220\" data-end=\"253\">Dieter Jansen Heizungstechnik<\/strong><br data-start=\"253\" data-end=\"256\" \/>Inhaber: Dieter Jansen<br data-start=\"278\" data-end=\"281\" \/>Immenbarg 22<br data-start=\"293\" data-end=\"296\" \/>22417 Hamburg<\/p>\n<hr class=\"\" data-start=\"313\" data-end=\"316\" \/>\n<h4 data-start=\"318\" data-end=\"351\"><strong data-start=\"322\" data-end=\"349\">Zweck der Datenerhebung<\/strong><\/h4>\n<p class=\"\" data-start=\"352\" data-end=\"655\">Die Firma erhebt Ihre Daten zwecks Erf\u00fcllung vertraglicher und vorvertraglicher Pflichten sowie zur Wahrung berechtigter eigener Interessen. Des Weiteren k\u00f6nnen personenbezogene Daten gespeichert und verarbeitet werden, die uns im Rahmen von Subauftragsvergaben durch andere Firmen \u00fcbermittelt wurden.<\/p>\n<p class=\"\" data-start=\"657\" data-end=\"837\">Die Datenerhebung und -verarbeitung ist f\u00fcr die Durchf\u00fchrung des Vertrags oder die Erf\u00fcllung vorvertraglicher Pflichten erforderlich und beruht auf <strong data-start=\"805\" data-end=\"834\">Artikel 6 Abs. 1 b) DSGVO<\/strong>.<\/p>\n<p class=\"\" data-start=\"839\" data-end=\"927\">Ohne Erhebung und Verarbeitung von Adressdaten ist eine Auftragsannahme nicht m\u00f6glich.<\/p>\n<hr class=\"\" data-start=\"929\" data-end=\"932\" \/>\n<h4 data-start=\"934\" data-end=\"972\"><strong data-start=\"938\" data-end=\"970\">Erhobene Daten &amp; Speicherung<\/strong><\/h4>\n<p class=\"\" data-start=\"973\" data-end=\"1230\">Wir speichern und verarbeiten neben Adressdaten auch Telekommunikationsdaten (Telefon, Fax, E-Mail) gem\u00e4\u00df <strong data-start=\"1079\" data-end=\"1108\">Artikel 6 Abs. 1 f) DSGVO<\/strong> zur F\u00fchrung einer Kundendatenbank. Gem\u00e4\u00df Art. 21 Abs. 1 DSGVO k\u00f6nnen Sie dieser Erhebung und Speicherung widersprechen.<\/p>\n<p class=\"\" data-start=\"1232\" data-end=\"1306\">Beim Aufrufen unserer Website werden automatisch folgende Daten erhoben:<\/p>\n<ul data-start=\"1307\" data-end=\"1476\">\n<li class=\"\" data-start=\"1307\" data-end=\"1332\">\n<p class=\"\" data-start=\"1309\" data-end=\"1332\">Browsertyp &amp; -version<\/p>\n<\/li>\n<li class=\"\" data-start=\"1333\" data-end=\"1351\">\n<p class=\"\" data-start=\"1335\" data-end=\"1351\">Betriebssystem<\/p>\n<\/li>\n<li class=\"\" data-start=\"1352\" data-end=\"1374\">\n<p class=\"\" data-start=\"1354\" data-end=\"1374\">Aufgerufene Seiten<\/p>\n<\/li>\n<li class=\"\" data-start=\"1375\" data-end=\"1405\">\n<p class=\"\" data-start=\"1377\" data-end=\"1405\">Datum\/Uhrzeit des Zugriffs<\/p>\n<\/li>\n<li class=\"\" data-start=\"1406\" data-end=\"1476\">\n<p class=\"\" data-start=\"1408\" data-end=\"1476\">IP-Adresse (personenbezogenes Datum nach geltender Rechtsprechung)<\/p>\n<\/li>\n<\/ul>\n<p class=\"\" data-start=\"1478\" data-end=\"1783\">Die automatisierte Verarbeitung der IP-Adresse ist technisch bedingt zwingend erforderlich. Die Speicherung erfolgt branchen\u00fcblich f\u00fcr sechs Monate in Logfiles, um die Funktionalit\u00e4t der Website und Sicherheit der Webserver zu gew\u00e4hrleisten. Eine Widerspruchsm\u00f6glichkeit besteht technisch bedingt nicht.<\/p>\n<hr class=\"\" data-start=\"1785\" data-end=\"1788\" \/>\n<h4 data-start=\"1790\" data-end=\"1820\"><strong data-start=\"1794\" data-end=\"1818\">E-Mail-Kommunikation<\/strong><\/h4>\n<p class=\"\" data-start=\"1821\" data-end=\"1987\">E-Mails werden nach Abruf f\u00fcr 30 Tage auf dem Server unseres Hosting-Anbieters belassen, um sie auf mehreren Ger\u00e4ten (Smartphone, Laptop, Tablet) abrufen zu k\u00f6nnen.<\/p>\n<p class=\"\" data-start=\"1989\" data-end=\"2223\">\ud83d\udccc <strong data-start=\"1992\" data-end=\"2014\">Wichtiger Hinweis:<\/strong><br data-start=\"2014\" data-end=\"2017\" \/>E-Mails werden regelm\u00e4\u00dfig unverschl\u00fcsselt \u00fcber das Internet versendet (vergleichbar mit einer Postkarte).<br data-start=\"2122\" data-end=\"2125\" \/>\ud83d\udd10 Auf Wunsch bieten wir verschl\u00fcsselte E-Mail-Kommunikation auf Basis des OpenPGP-Standards an.<\/p>\n<hr class=\"\" data-start=\"2225\" data-end=\"2228\" \/>\n<h4 data-start=\"2230\" data-end=\"2266\"><strong data-start=\"2234\" data-end=\"2264\">Datenweitergabe &amp; L\u00f6schung<\/strong><\/h4>\n<p class=\"\" data-start=\"2267\" data-end=\"2464\">Die Weitergabe personenbezogener Daten an Dritte erfolgt nur im Rahmen gesetzlicher oder rechtlicher Verpflichtungen (z. B. Zusammenarbeit mit kooperierenden Handwerksfirmen oder Steuerberatern).<\/p>\n<p class=\"\" data-start=\"2466\" data-end=\"2628\">Die Daten werden gel\u00f6scht, sobald sie f\u00fcr ihren urspr\u00fcnglichen Zweck nicht mehr erforderlich sind und keine gesetzliche Aufbewahrungspflicht (10 Jahre) besteht.<\/p>\n<hr class=\"\" data-start=\"2630\" data-end=\"2633\" \/>\n<h4 data-start=\"2635\" data-end=\"2678\"><strong data-start=\"2639\" data-end=\"2676\">Ihre Rechte als betroffene Person<\/strong><\/h4>\n<p class=\"\" data-start=\"2679\" data-end=\"3134\">Laut DSGVO haben Sie folgende Rechte:<br data-start=\"2716\" data-end=\"2719\" \/>\u2714\ufe0f <strong data-start=\"2722\" data-end=\"2756\">Auskunftsrecht (Art. 15 DSGVO)<\/strong> \u2192 Welche Daten sind bei uns gespeichert?<br data-start=\"2797\" data-end=\"2800\" \/>\u2714\ufe0f <strong data-start=\"2803\" data-end=\"2841\">Berichtigungsrecht (Art. 16 DSGVO)<\/strong> \u2192 Falsche Daten korrigieren lassen<br data-start=\"2876\" data-end=\"2879\" \/>\u2714\ufe0f <strong data-start=\"2882\" data-end=\"2912\">L\u00f6schrecht (Art. 17 DSGVO)<\/strong> \u2192 Unzul\u00e4ssig gespeicherte Daten l\u00f6schen lassen<br data-start=\"2959\" data-end=\"2962\" \/>\u2714\ufe0f <strong data-start=\"2965\" data-end=\"3004\">Einschr\u00e4nkungsrecht (Art. 18 DSGVO)<\/strong> \u2192 Verarbeitung der Daten begrenzen<br data-start=\"3039\" data-end=\"3042\" \/>\u2714\ufe0f <strong data-start=\"3045\" data-end=\"3087\">Daten\u00fcbertragungsrecht (Art. 20 DSGVO)<\/strong> \u2192 Daten in maschinenlesbarem Format erhalten<\/p>\n<hr class=\"\" data-start=\"3136\" data-end=\"3139\" \/>\n<h4 data-start=\"3141\" data-end=\"3169\"><strong data-start=\"3145\" data-end=\"3167\">Datenschutzkontakt<\/strong><\/h4>\n<p class=\"\" data-start=\"3170\" data-end=\"3386\">\ud83d\udce7 <strong data-start=\"3173\" data-end=\"3184\">E-Mail:<\/strong> <a rel=\"noopener\" data-start=\"3185\" data-end=\"3270\">datenschutz@jansen-heizungstechnik.de<\/a><br data-start=\"3270\" data-end=\"3273\" \/>\ud83d\udccd <strong data-start=\"3276\" data-end=\"3292\">Postadresse:<\/strong> Datenschutzverantwortlicher, c\/o Dieter Jansen Heizungstechnik, Immenbarg 22, 22417 Hamburg<\/p>\n<p class=\"\" data-start=\"3388\" data-end=\"3670\">\ud83d\udce2 <strong data-start=\"3391\" data-end=\"3411\">Beschwerderecht:<\/strong><br data-start=\"3411\" data-end=\"3414\" \/>Wenn Sie der Meinung sind, dass Ihre Daten unrechtm\u00e4\u00dfig verarbeitet wurden, k\u00f6nnen Sie sich bei der zust\u00e4ndigen Aufsichtsbeh\u00f6rde beschweren:<br data-start=\"3554\" data-end=\"3557\" \/>\ud83d\udd17 <strong data-start=\"3560\" data-end=\"3668\"><a class=\"\" href=\"https:\/\/datenschutz-hamburg.de\/\" target=\"_new\" rel=\"noopener\" data-start=\"3562\" data-end=\"3666\">Der Hamburgische Beauftragte f\u00fcr Datenschutz und Informationsfreiheit<\/a><\/strong><\/p>\n<hr class=\"\" data-start=\"3672\" data-end=\"3675\" \/>\n<h4 data-start=\"3677\" data-end=\"3726\"><strong data-start=\"3681\" data-end=\"3724\">Aktualisierung der Datenschutzerkl\u00e4rung<\/strong><\/h4>\n<p class=\"\" data-start=\"3727\" data-end=\"3890\">Wir behalten uns vor, diese Datenschutzerkl\u00e4rung jederzeit anzupassen, falls sich gesetzliche, rechtliche, technische oder betriebliche Rahmenbedingungen \u00e4ndern.<\/p>\n<p class=\"\" data-start=\"3892\" data-end=\"4106\">Die aktuelle Version finden Sie immer auf unserer Website:<br data-start=\"3950\" data-end=\"3953\" \/>\ud83d\udd17 <strong data-start=\"3956\" data-end=\"4030\"><a class=\"\" href=\"https:\/\/jansen-heizungstechnik.de\/\" target=\"_new\" rel=\"noopener\" data-start=\"3958\" data-end=\"4028\">https:\/\/jansen-heizungstechnik.de\/<\/a><\/strong><br data-start=\"4030\" data-end=\"4033\" \/>Alternativ senden wir sie Ihnen gerne per E-Mail oder in Papierform zu.<\/p>\n<p class=\"\" data-start=\"4108\" data-end=\"4134\">\ud83d\udd52 <strong data-start=\"4111\" data-end=\"4132\">Stand: 25.05.2018<\/strong><\/p>\t\t\t\t\t\t\t\t<\/div>\n\t\t\t\t<\/div>\n\t\t\t\t\t<\/div>\n\t\t<\/div>\n\t\t\t\t\t<\/div>\n\t\t<\/section>\n\t\t\t\t<\/div>\n\t\t","protected":false},"excerpt":{"rendered":"<p>Datenschutzerkl\u00e4rung Informationen zur Datenerhebung gem\u00e4\u00df Artikel 13 DSGVO Dieter Jansen HeizungstechnikInhaber: Dieter JansenImmenbarg 2222417 Hamburg Zweck der Datenerhebung Die Firma erhebt Ihre Daten zwecks Erf\u00fcllung vertraglicher und vorvertraglicher Pflichten sowie zur Wahrung berechtigter eigener Interessen. Des Weiteren k\u00f6nnen personenbezogene Daten gespeichert und verarbeitet werden, die uns im Rahmen von Subauftragsvergaben durch andere Firmen \u00fcbermittelt wurden. [&hellip;]<\/p>\n","protected":false},"author":1,"featured_media":0,"parent":0,"menu_order":0,"comment_status":"closed","ping_status":"closed","template":"","meta":{"_uag_custom_page_level_css":"","site-sidebar-layout":"default","site-content-layout":"","ast-site-content-layout":"default","site-content-style":"default","site-sidebar-style":"default","ast-global-header-display":"","ast-banner-title-visibility":"","ast-main-header-display":"","ast-hfb-above-header-display":"","ast-hfb-below-header-display":"","ast-hfb-mobile-header-display":"","site-post-title":"","ast-breadcrumbs-content":"","ast-featured-img":"","footer-sml-layout":"","ast-disable-related-posts":"","theme-transparent-header-meta":"","adv-header-id-meta":"","stick-header-meta":"","header-above-stick-meta":"","header-main-stick-meta":"","header-below-stick-meta":"","astra-migrate-meta-layouts":"default","ast-page-background-enabled":"default","ast-page-background-meta":{"desktop":{"background-color":"","background-image":"","background-repeat":"repeat","background-position":"center center","background-size":"auto","background-attachment":"scroll","background-type":"","background-media":"","overlay-type":"","overlay-color":"","overlay-opacity":"","overlay-gradient":""},"tablet":{"background-color":"","background-image":"","background-repeat":"repeat","background-position":"center center","background-size":"auto","background-attachment":"scroll","background-type":"","background-media":"","overlay-type":"","overlay-color":"","overlay-opacity":"","overlay-gradient":""},"mobile":{"background-color":"","background-image":"","background-repeat":"repeat","background-position":"center center","background-size":"auto","background-attachment":"scroll","background-type":"","background-media":"","overlay-type":"","overlay-color":"","overlay-opacity":"","overlay-gradient":""}},"ast-content-background-meta":{"desktop":{"background-color":"var(--ast-global-color-5)","background-image":"","background-repeat":"repeat","background-position":"center center","background-size":"auto","background-attachment":"scroll","background-type":"","background-media":"","overlay-type":"","overlay-color":"","overlay-opacity":"","overlay-gradient":""},"tablet":{"background-color":"var(--ast-global-color-5)","background-image":"","background-repeat":"repeat","background-position":"center center","background-size":"auto","background-attachment":"scroll","background-type":"","background-media":"","overlay-type":"","overlay-color":"","overlay-opacity":"","overlay-gradient":""},"mobile":{"background-color":"var(--ast-global-color-5)","background-image":"","background-repeat":"repeat","background-position":"center center","background-size":"auto","background-attachment":"scroll","background-type":"","background-media":"","overlay-type":"","overlay-color":"","overlay-opacity":"","overlay-gradient":""}},"footnotes":""},"class_list":["post-234","page","type-page","status-publish","hentry"],"uagb_featured_image_src":{"full":false,"thumbnail":false,"medium":false,"medium_large":false,"large":false,"1536x1536":false,"2048x2048":false},"uagb_author_info":{"display_name":"Heizmaster","author_link":"https:\/\/jansen-heizungstechnik.de\/?author=1"},"uagb_comment_info":0,"uagb_excerpt":"Datenschutzerkl\u00e4rung Informationen zur Datenerhebung gem\u00e4\u00df Artikel 13 DSGVO Dieter Jansen HeizungstechnikInhaber: Dieter JansenImmenbarg 2222417 Hamburg Zweck der Datenerhebung Die Firma erhebt Ihre Daten zwecks Erf\u00fcllung vertraglicher und vorvertraglicher Pflichten sowie zur Wahrung berechtigter eigener Interessen. Des Weiteren k\u00f6nnen personenbezogene Daten gespeichert und verarbeitet werden, die uns im Rahmen von Subauftragsvergaben durch andere Firmen \u00fcbermittelt wurden.&hellip;","_links":{"self":[{"href":"https:\/\/jansen-heizungstechnik.de\/index.php?rest_route=\/wp\/v2\/pages\/234","targetHints":{"allow":["GET"]}}],"collection":[{"href":"https:\/\/jansen-heizungstechnik.de\/index.php?rest_route=\/wp\/v2\/pages"}],"about":[{"href":"https:\/\/jansen-heizungstechnik.de\/index.php?rest_route=\/wp\/v2\/types\/page"}],"author":[{"embeddable":true,"href":"https:\/\/jansen-heizungstechnik.de\/index.php?rest_route=\/wp\/v2\/users\/1"}],"replies":[{"embeddable":true,"href":"https:\/\/jansen-heizungstechnik.de\/index.php?rest_route=%2Fwp%2Fv2%2Fcomments&post=234"}],"version-history":[{"count":7,"href":"https:\/\/jansen-heizungstechnik.de\/index.php?rest_route=\/wp\/v2\/pages\/234\/revisions"}],"predecessor-version":[{"id":1043,"href":"https:\/\/jansen-heizungstechnik.de\/index.php?rest_route=\/wp\/v2\/pages\/234\/revisions\/1043"}],"wp:attachment":[{"href":"https:\/\/jansen-heizungstechnik.de\/index.php?rest_route=%2Fwp%2Fv2%2Fmedia&parent=234"}],"curies":[{"name":"wp","href":"https:\/\/api.w.org\/{rel}","templated":true}]}}